{"id":1552,"date":"2016-11-11T17:18:44","date_gmt":"2016-11-11T15:18:44","guid":{"rendered":"https:\/\/autorent.nordauto.ee\/ru\/rehvivahetus-ja-rehvide-ladustamine\/"},"modified":"2023-03-28T20:18:09","modified_gmt":"2023-03-28T17:18:09","slug":"shini-i-diski","status":"publish","type":"page","link":"https:\/\/autorent.nordauto.ee\/ru\/shini-i-diski\/","title":{"rendered":"\u0428\u0438\u043d\u044b \u0438 \u0434\u0438\u0441\u043a\u0438"},"content":{"rendered":"<div class=\"wpb-content-wrapper\"><p>[vc_row][vc_column]<div class=\"service-grid service-grid-style-1\">\r\n\t<div class=\"row\">\r\n\t\t\r\n<div class=\"col-xs-6 col-md-4 col-lg-17 service-grid-item-2lines collapse\">\r\n\t<a class=\"service-grid-item \" href=\"https:\/\/autorent.nordauto.ee\/ru\/obsluzhivanie-i-remontnie-raboty\/\">\r\n\t\t<span class=\"service-grid-item-icon\" style=\"background-image: url(https:\/\/autorent.nordauto.ee\/wp-content\/uploads\/2016\/08\/hooldus-ja-remonttood.png);\"><\/span>\r\n\t\t<span class=\"service-grid-item-title\">\r\n\t\t\t\u041e\u0431\u0441\u043b\u0443\u0436\u0438\u0432\u0430\u043d\u0438\u0435 \u0438 \u0440\u0435\u043c\u043e\u043d\u0442\u043d\u044b\u0435 \u0440\u0430\u0431\u043e\u0442\u044b\t\t<\/span>\r\n\t<\/a>\r\n\t<\/div>\r\n\r\n<div class=\"col-xs-6 col-md-4 col-lg-17 service-grid-item-2lines collapse\">\r\n\t<a class=\"service-grid-item \" href=\"https:\/\/autorent.nordauto.ee\/ru\/zapchasti-i-dopolnitelnoe-oborudovanie\/\">\r\n\t\t<span class=\"service-grid-item-icon\" style=\"background-image: url(https:\/\/autorent.nordauto.ee\/wp-content\/uploads\/2016\/08\/varuosade-muuk.png);\"><\/span>\r\n\t\t<span class=\"service-grid-item-title\">\r\n\t\t\t\u0417\u0430\u043f\u0447\u0430\u0441\u0442\u0438 \u0438 \u043e\u0431\u043e\u0440\u0443\u0434\u043e\u0432\u0430\u043d\u0438\u0435\t\t<\/span>\r\n\t<\/a>\r\n\t<\/div>\r\n\r\n<div class=\"col-xs-6 col-md-4 col-lg-17 service-grid-item-2lines collapse\">\r\n\t<a class=\"service-grid-item \" href=\"https:\/\/autorent.nordauto.ee\/ru\/predprodazhnaya-proverka-i-podgotovka\/\">\r\n\t\t<span class=\"service-grid-item-icon\" style=\"background-image: url(https:\/\/autorent.nordauto.ee\/wp-content\/uploads\/2016\/08\/oostueelne-kontroll.png);\"><\/span>\r\n\t\t<span class=\"service-grid-item-title\">\r\n\t\t\t\u041f\u0440\u0435\u0434\u043f\u0440\u043e\u0434\u0430\u0436\u043d\u0430\u044f \u043f\u0440\u043e\u0432\u0435\u0440\u043a\u0430 \u0438 \u043f\u043e\u0434\u0433\u043e\u0442\u043e\u0432\u043a\u0430\t\t<\/span>\r\n\t<\/a>\r\n\t<\/div>\r\n\r\n<div class=\"col-xs-6 col-md-4 col-lg-17 \">\r\n\t<a class=\"service-grid-item  active\" href=\"https:\/\/autorent.nordauto.ee\/ru\/shini-i-diski\/\">\r\n\t\t<span class=\"service-grid-item-icon\" style=\"background-image: url(https:\/\/autorent.nordauto.ee\/wp-content\/uploads\/2016\/08\/rehvid-ja-veljed.png);\"><\/span>\r\n\t\t<span class=\"service-grid-item-title\">\r\n\t\t\t\u0428\u0438\u043d\u044b \u0438 \u0434\u0438\u0441\u043a\u0438\t\t<\/span>\r\n\t<\/a>\r\n\t\t\t<button type=\"button\" class=\"navbar-toggle collapsed\" data-toggle=\"collapse\" data-target=\".service-grid .collapse\" aria-expanded=\"false\">\r\n            <span class=\"sr-only\">Toggle navigation<\/span>\r\n            <i class=\"fa fa-fw fa-chevron-down\"><\/i>\r\n        <\/button>\r\n\t<\/div>\r\n\r\n<div class=\"col-xs-6 col-md-4 col-lg-17 collapse\">\r\n\t<a class=\"service-grid-item \" href=\"https:\/\/autorent.nordauto.ee\/ru\/avtomoyka\/\">\r\n\t\t<span class=\"service-grid-item-icon\" style=\"background-image: url(https:\/\/autorent.nordauto.ee\/wp-content\/uploads\/2016\/08\/pesula.png);\"><\/span>\r\n\t\t<span class=\"service-grid-item-title\">\r\n\t\t\t\u0410\u0432\u0442\u043e\u043c\u043e\u0439\u043a\u0430\t\t<\/span>\r\n\t<\/a>\r\n\t<\/div>\r\n\r\n<div class=\"col-xs-6 col-md-4 col-lg-17 collapse\">\r\n\t<a class=\"service-grid-item \" href=\"https:\/\/autorent.nordauto.ee\/ru\/24h-autoabi\/\">\r\n\t\t<span class=\"service-grid-item-icon\" style=\"background-image: url(https:\/\/autorent.nordauto.ee\/wp-content\/uploads\/2017\/05\/24-autoabi.png);\"><\/span>\r\n\t\t<span class=\"service-grid-item-title\">\r\n\t\t\t24H Autoabi\t\t<\/span>\r\n\t<\/a>\r\n\t<\/div>\r\n\r\n<div class=\"col-xs-6 col-md-4 col-lg-17 collapse\">\r\n\t<a class=\"service-grid-item \" href=\"https:\/\/autorent.nordauto.ee\/ru\/karta-klienta\/\">\r\n\t\t<span class=\"service-grid-item-icon\" style=\"background-image: url(https:\/\/autorent.nordauto.ee\/wp-content\/uploads\/2020\/04\/kliendikaart.png);\"><\/span>\r\n\t\t<span class=\"service-grid-item-title\">\r\n\t\t\t\u041a\u0430\u0440\u0442\u0430 \u043a\u043b\u0438\u0435\u043d\u0442\u0430\t\t<\/span>\r\n\t<\/a>\r\n\t<\/div>\r\n\t<\/div>\r\n<\/div>[\/vc_column][\/vc_row][vc_row el_class=&#8221;row-stretch-lg row-shadow&#8221; css=&#8221;.vc_custom_1476362880928{margin-right: 0px !important;margin-left: 0px !important;padding-top: 0px !important;padding-right: 0px !important;padding-bottom: 40px !important;padding-left: 0px !important;background-color: #ffffff !important;}&#8221;][vc_column css=&#8221;.vc_custom_1473333731738{padding-top: 0px !important;}&#8221;]<div class=\"top-line hidden-xs\" style=\"background-color: #303241; color: #ffffff;\">\r\n\t\u0428\u0438\u043d\u044b \u0438 \u0434\u0438\u0441\u043a\u0438<\/div>\r\n[vc_single_image image=&#8221;1582&#8243; img_size=&#8221;full&#8221; alignment=&#8221;center&#8221; el_class=&#8221;img-responsive&#8221;][vc_column_text css=&#8221;.vc_custom_1486057713442{padding-top: 20px !important;}&#8221;]\u0414\u0432\u0430 \u0440\u0430\u0437\u0430 \u0432 \u0433\u043e\u0434 \u0430\u0432\u0442\u043e\u0432\u043b\u0430\u0434\u0435\u043b\u044c\u0446\u044b \u0437\u0430\u043d\u0438\u043c\u0430\u044e\u0442 \u043e\u0447\u0435\u0440\u0435\u0434\u044c \u0434\u043b\u044f \u0437\u0430\u043c\u0435\u043d\u044b \u0437\u0438\u043c\u043d\u0438\u0445 \u0448\u0438\u043d \u043d\u0430 \u043b\u0435\u0442\u043d\u0438\u0435 \u0438 \u043d\u0430\u043e\u0431\u043e\u0440\u043e\u0442.\u00a0\u0412 \u0441\u0432\u044f\u0437\u0438 \u0441 \u044d\u0442\u0438\u043c, \u0441\u0435\u0437\u043e\u043d\u043d\u043e\u0435 \u0445\u0440\u0430\u043d\u0435\u043d\u0438\u0435 \u0448\u0438\u043d \u043e\u0447\u0435\u043d\u044c \u0430\u043a\u0442\u0443\u0430\u043b\u044c\u043d\u0430\u044f \u0442\u0435\u043c\u0430.<\/p>\n<p>\u041f\u043e\u0441\u043b\u0435 \u0437\u0430\u043c\u0435\u043d\u044b \u0448\u0438\u043d \u043d\u0435\u043e\u0431\u0445\u043e\u0434\u0438\u043c\u043e \u043d\u0430\u0439\u0442\u0438 \u043c\u0435\u0441\u0442\u043e \u0434\u043b\u044f \u0445\u0440\u0430\u043d\u0435\u043d\u0438\u044f \u0438 \u0442\u0440\u0430\u043d\u0441\u043f\u043e\u0440\u0442\u0438\u0440\u043e\u0432\u0430\u0442\u044c \u0438\u0445. \u042d\u0442\u043e \u043b\u0438\u0448\u043d\u0438\u0435 \u043d\u0435\u0443\u0434\u043e\u0431\u0441\u0442\u0432\u0430 \u0438 \u0442\u0440\u0430\u0442\u0430 \u0432\u0440\u0435\u043c\u0435\u043d\u0438.<\/p>\n<p>\u0412\u043e\u0434\u0438\u0442\u0435\u043b\u0438 \u043f\u0440\u0435\u043a\u0440\u0430\u0441\u043d\u043e \u0437\u043d\u0430\u044e\u0442, \u0447\u0442\u043e \u043f\u043e\u043a\u0440\u044b\u0448\u043a\u0438 \u0442\u0440\u0435\u0431\u0443\u044e\u0442 \u043e\u0441\u043e\u0431\u043e\u0433\u043e \u0445\u0440\u0430\u043d\u0435\u043d\u0438\u044f. \u041f\u043e\u0441\u043b\u0435\u0434\u0441\u0442\u0432\u0438\u044f \u043d\u0435\u043f\u0440\u0430\u0432\u0438\u043b\u044c\u043d\u043e\u0433\u043e \u0445\u0440\u0430\u043d\u0435\u043d\u0438\u044f \u043c\u043e\u0433\u0443\u0442 \u043f\u0440\u0438\u0432\u0435\u0441\u0442\u0438 \u043a \u043c\u0438\u043a\u0440\u043e\u0442\u0440\u0435\u0449\u0438\u043d\u0430\u043c, \u043f\u043e\u0442\u0435\u0440\u0438 \u043f\u0440\u043e\u0447\u043d\u043e\u0441\u0442\u0438 \u0438 \u0434\u0430\u0436\u0435 \u0434\u0435\u0444\u043e\u0440\u043c\u0430\u0446\u0438\u0438 \u0448\u0438\u043d, \u0438 \u043a\u0430\u043a \u0441\u043b\u0435\u0434\u0441\u0442\u0432\u0438\u0435, \u0435\u0437\u0434\u0430 \u043d\u0430 \u0442\u0430\u043a\u0438\u0445 \u043f\u043e\u043a\u0440\u044b\u0448\u043a\u0430\u0445 \u0443\u0433\u0440\u043e\u0436\u0430\u0435\u0442 \u0432\u0430\u0448\u0435\u0439 \u0436\u0438\u0437\u043d\u0438 \u0438 \u0436\u0438\u0437\u043d\u0438 \u043e\u043a\u0440\u0443\u0436\u0430\u044e\u0449\u0438\u0445.<\/p>\n<p>\u041c\u044b \u043f\u0440\u0435\u0434\u043b\u0430\u0433\u0430\u0435\u043c \u0412\u0430\u043c \u043f\u043e\u0441\u043b\u0435 \u0437\u0430\u043c\u0435\u043d\u044b \u0448\u0438\u043d \u043e\u0441\u0442\u0430\u0432\u0438\u0442\u044c \u0438\u0445 \u043d\u0430 \u0445\u0440\u0430\u043d\u0435\u043d\u0438\u0435 \u0432 \u043d\u0430\u0448\u0435\u043c \u0441\u0435\u0440\u0432\u0438\u0441\u0435.<\/p>\n<p>\u0421\u0442\u043e\u0438\u043c\u043e\u0441\u0442\u044c \u0448\u0438\u043d\u043e\u043c\u043e\u043d\u0442\u0430\u0436\u043d\u044b\u0445 \u0440\u0430\u0431\u043e\u0442 \u043d\u0430\u0447\u0438\u043d\u0430\u044f \u043e\u0442 39 \u0435\u0432\u0440\u043e\/\u0447\u0430\u0441.<\/p>\n<p>\u0421\u0435\u0440\u0432\u0438\u0441\u00a0Nordauto\u00a0\u0441\u043f\u0435\u0446\u0438\u0430\u043b\u044c\u043d\u044b\u043c \u043e\u0431\u0440\u0430\u0437\u043e\u043c \u0430\u0434\u0430\u043f\u0442\u0438\u0440\u043e\u0432\u0430\u043d \u0434\u043b\u044f \u0441\u043e\u0445\u0440\u0430\u043d\u043d\u043e\u0441\u0442\u0438 \u043f\u043e\u043a\u0440\u044b\u0448\u0435\u043a. \u0412\u0430\u0448\u0438 \u043f\u043e\u043a\u0440\u044b\u0448\u043a\u0438 \u043d\u0435 \u043f\u043e\u0441\u0442\u0440\u0430\u0434\u0430\u044e\u0442 \u043e\u0442 \u0432\u043b\u0430\u0436\u043d\u043e\u0441\u0442\u0438, \u043e\u0441\u0430\u0434\u043a\u043e\u0432 \u0438\u043b\u0438 \u043f\u0435\u0440\u0435\u043f\u0430\u0434\u0430 \u0442\u0435\u043c\u043f\u0435\u0440\u0430\u0442\u0443\u0440\u044b, \u043f\u043e\u0441\u043a\u043e\u043b\u044c\u043a\u0443 \u0431\u0443\u0434\u0443\u0442 \u043d\u0430\u0445\u043e\u0434\u0438\u0442\u044c\u0441\u044f \u0432 \u0445\u043e\u0440\u043e\u0448\u043e \u0432\u0435\u043d\u0442\u0438\u043b\u0438\u0440\u0443\u0435\u043c\u043e\u043c \u043f\u043e\u043c\u0435\u0449\u0435\u043d\u0438\u0438 \u0441 \u043d\u0435\u043e\u0431\u0445\u043e\u0434\u0438\u043c\u044b\u043c \u0443\u0440\u043e\u0432\u043d\u0435\u043c \u0432\u043b\u0430\u0436\u043d\u043e\u0441\u0442\u0438.<\/p>\n<p>\u0412 \u0441\u0435\u0440\u0432\u0438\u0441\u0435 Nordauto \u043c\u043e\u0436\u043d\u043e \u043f\u0440\u0438\u043e\u0431\u0440\u0435\u0441\u0442\u0438 \u043d\u043e\u0432\u044b\u0435 \u0437\u0438\u043c\u043d\u0438\u0435 \u0438 \u043b\u0435\u0442\u043d\u0438\u0435 \u0430\u0432\u0442\u043e\u043f\u043e\u043a\u0440\u044b\u0448\u043a\u0438. \u041c\u044b \u043d\u0430\u0439\u0434\u0451\u043c \u043f\u043e\u0434\u0445\u043e\u0434\u044f\u0449\u0435\u0435 \u0434\u043b\u044f \u0412\u0430\u0441 \u0440\u0435\u0448\u0435\u043d\u0438\u0435. \u041a\u0440\u043e\u043c\u0435 \u0442\u043e\u0433\u043e, \u043c\u043e\u0436\u043d\u043e \u043f\u0440\u0438\u043e\u0431\u0440\u0435\u0441\u0442\u0438 \u0430\u0432\u0442\u043e\u043f\u043e\u043a\u0440\u044b\u0448\u043a\u0438 \u0438 \u0432 \u0440\u0430\u0441\u0441\u0440\u043e\u0447\u043a\u0443.<\/p>\n<hr \/>\n<p>[\/vc_column_text][vc_row_inner css=&#8221;.vc_custom_1484915287796{padding-top: 15px !important;}&#8221;][vc_column_inner width=&#8221;1\/2&#8243; css=&#8221;.vc_custom_1484915292495{padding-right: 0px !important;padding-bottom: 15px !important;padding-left: 0px !important;}&#8221;][vc_column_text]<\/p>\n<h4><span style=\"color: #1b4b81;\">Indivy \u2013 maksa 3 osas, lisatasudeta!<\/span><\/h4>\n<p>Osamaksetega tasumine on mugav viis toodete v\u00f5i teenuste eest maksmiseks. Jagame Sinu ostusumma kolmeks v\u00f5rdseks osamakseks. Esimene makse alles kuu aja p\u00e4rast.<\/p>\n<p>Osamaksetega ostmine on v\u00e4ga lihtne ja kiire:<\/p>\n<ul>\n<li>Osamaksete periood 3 kuud<\/li>\n<li>Summa kuni 1500 \u20ac<\/li>\n<li>Sissemakse 0 \u20ac<\/li>\n<li>Intress 0%<\/li>\n<li>Lepingutasu 0 \u20ac<\/li>\n<li>Haldustasu 0 \u20ac<\/li>\n<li>Krediidikulukuse m\u00e4\u00e4r 0%<\/li>\n<\/ul>\n<p>Osamaksetena tasumise taotlusele saad vastuse kohe.[\/vc_column_text][\/vc_column_inner][vc_column_inner width=&#8221;1\/2&#8243; css=&#8221;.vc_custom_1484915312108{padding-right: 0px !important;padding-bottom: 15px !important;padding-left: 0px !important;}&#8221;][vc_column_text]<iframe loading=\"lazy\" src=\"https:\/\/calculator.inbank.ee\/calculator\/indivy\/plan?amount=300&amp;shop_uuid=6e510e96-2aa4-4ffb-8a3c-fec6644b2fd0&amp;product_code=hp_epos_0_interest_nordauto&amp;currency=eur&amp;lang=et&amp;template=editable_amount&amp;mode=grey&amp;logo=true&amp;show_sample=false&amp;start_session=true&amp;secondary_color=red\" width=\"100%\" height=\"550\" frameborder=\"0\" scrolling=\"no\" data-mce-fragment=\"1\"><\/iframe>[\/vc_column_text][\/vc_column_inner][\/vc_row_inner][vc_column_text]<\/p>\n<hr \/>\n<h4><span style=\"color: #1b4b81;\">\u0412 \u0421\u041b\u0423\u0427\u0410\u0415, \u0415\u0421\u041b\u0418 \u0423 \u0412\u0410\u0421 \u0412\u041e\u0417\u041d\u0418\u041a\u041b\u0418 \u0414\u041e\u041f\u041e\u041b\u041d\u0418\u0422\u0415\u041b\u042c\u041d\u042b\u0415 \u0412\u041e\u041f\u0420\u041e\u0421\u042b, \u0422\u041e \u041e\u0411\u0420\u0410\u0429\u0410\u0419\u0422\u0415\u0421\u042c \u041a \u041d\u0410\u041c:<\/span><\/h4>\n<p>\u0422\u0435\u043b.: 6003659<br \/>\nE-mail: <a href=\"&#109;a&#x69;l&#x74;o&#x3a;t&#x65;e&#x6e;i&#x6e;&#100;&#x75;&#115;&#x40;&#97;&#x75;&#116;&#x6f;&#114;&#x65;&#110;&#x74;&#46;n&#x6f;r&#x64;a&#x75;t&#x6f;&#46;&#x65;e\"><u>&#116;e&#101;n&#105;n&#x64;u&#x73;&#64;&#x61;u&#x74;o&#x72;e&#x6e;t&#x2e;n&#x6f;r&#x64;a&#x75;&#116;&#x6f;&#46;&#x65;&#101;<\/u><\/a><br \/>\nKadaka tee 72a, 12618, Tallinn.[\/vc_column_text][\/vc_column][\/vc_row]<\/p>\n<\/div>","protected":false},"excerpt":{"rendered":"<p>[vc_row][vc_column][\/vc_column][\/vc_row][vc_row el_class=&#8221;row-stretch-lg row-shadow&#8221; css=&#8221;.vc_custom_1476362880928{margin-right: 0px !important;margin-left: 0px !important;padding-top: 0px !important;padding-right: 0px !important;padding-bottom: 40px !important;padding-left: 0px !important;background-color: #ffffff !important;}&#8221;][vc_column css=&#8221;.vc_custom_1473333731738{padding-top: 0px !important;}&#8221;][vc_single_image image=&#8221;1582&#8243; img_size=&#8221;full&#8221; alignment=&#8221;center&#8221; el_class=&#8221;img-responsive&#8221;][vc_column_text css=&#8221;.vc_custom_1486057713442{padding-top: 20px !important;}&#8221;]\u0414\u0432\u0430 \u0440\u0430\u0437\u0430 \u0432 \u0433\u043e\u0434 \u0430\u0432\u0442\u043e\u0432\u043b\u0430\u0434\u0435\u043b\u044c\u0446\u044b \u0437\u0430\u043d\u0438\u043c\u0430\u044e\u0442 \u043e\u0447\u0435\u0440\u0435\u0434\u044c \u0434\u043b\u044f \u0437\u0430\u043c\u0435\u043d\u044b \u0437\u0438\u043c\u043d\u0438\u0445 \u0448\u0438\u043d \u043d\u0430 \u043b\u0435\u0442\u043d\u0438\u0435 \u0438 \u043d\u0430\u043e\u0431\u043e\u0440\u043e\u0442.\u00a0\u0412 \u0441\u0432\u044f\u0437\u0438 \u0441 \u044d\u0442\u0438\u043c, \u0441\u0435\u0437\u043e\u043d\u043d\u043e\u0435 \u0445\u0440\u0430\u043d\u0435\u043d\u0438\u0435 \u0448\u0438\u043d \u043e\u0447\u0435\u043d\u044c \u0430\u043a\u0442\u0443\u0430\u043b\u044c\u043d\u0430\u044f \u0442\u0435\u043c\u0430. \u041f\u043e\u0441\u043b\u0435 \u0437\u0430\u043c\u0435\u043d\u044b \u0448\u0438\u043d \u043d\u0435\u043e\u0431\u0445\u043e\u0434\u0438\u043c\u043e [&hellip;]<\/p>\n","protected":false},"author":12,"featured_media":0,"parent":0,"menu_order":0,"comment_status":"closed","ping_status":"closed","template":"","meta":{"_acf_changed":false,"footnotes":""},"class_list":["post-1552","page","type-page","status-publish","hentry"],"acf":[],"_links":{"self":[{"href":"https:\/\/autorent.nordauto.ee\/ru\/wp-json\/wp\/v2\/pages\/1552","targetHints":{"allow":["GET"]}}],"collection":[{"href":"https:\/\/autorent.nordauto.ee\/ru\/wp-json\/wp\/v2\/pages"}],"about":[{"href":"https:\/\/autorent.nordauto.ee\/ru\/wp-json\/wp\/v2\/types\/page"}],"author":[{"embeddable":true,"href":"https:\/\/autorent.nordauto.ee\/ru\/wp-json\/wp\/v2\/users\/12"}],"replies":[{"embeddable":true,"href":"https:\/\/autorent.nordauto.ee\/ru\/wp-json\/wp\/v2\/comments?post=1552"}],"version-history":[{"count":22,"href":"https:\/\/autorent.nordauto.ee\/ru\/wp-json\/wp\/v2\/pages\/1552\/revisions"}],"predecessor-version":[{"id":5475,"href":"https:\/\/autorent.nordauto.ee\/ru\/wp-json\/wp\/v2\/pages\/1552\/revisions\/5475"}],"wp:attachment":[{"href":"https:\/\/autorent.nordauto.ee\/ru\/wp-json\/wp\/v2\/media?parent=1552"}],"curies":[{"name":"wp","href":"https:\/\/api.w.org\/{rel}","templated":true}]}}