{"id":1672,"date":"2016-11-11T17:18:44","date_gmt":"2016-11-11T15:18:44","guid":{"rendered":"https:\/\/autorent.nordauto.ee\/en\/rehvivahetus-ja-rehvide-ladustamine\/"},"modified":"2023-03-28T20:19:43","modified_gmt":"2023-03-28T17:19:43","slug":"tires-and-rims","status":"publish","type":"page","link":"https:\/\/autorent.nordauto.ee\/en\/tires-and-rims\/","title":{"rendered":"Tires and rims"},"content":{"rendered":"<div class=\"wpb-content-wrapper\"><p>[vc_row][vc_column]<div class=\"service-grid service-grid-style-1\">\r\n\t<div class=\"row\">\r\n\t\t\r\n<div class=\"col-xs-6 col-md-4 col-lg-17 collapse\">\r\n\t<a class=\"service-grid-item \" href=\"https:\/\/autorent.nordauto.ee\/en\/maintenance-and-repairs\/\">\r\n\t\t<span class=\"service-grid-item-icon\" style=\"background-image: url(https:\/\/autorent.nordauto.ee\/wp-content\/uploads\/2016\/08\/hooldus-ja-remonttood.png);\"><\/span>\r\n\t\t<span class=\"service-grid-item-title\">\r\n\t\t\tMaintenance and repairs\t\t<\/span>\r\n\t<\/a>\r\n\t<\/div>\r\n\r\n<div class=\"col-xs-6 col-md-4 col-lg-17 service-grid-item-2lines collapse\">\r\n\t<a class=\"service-grid-item \" href=\"https:\/\/autorent.nordauto.ee\/en\/spare-parts-and-additional-equipment\/\">\r\n\t\t<span class=\"service-grid-item-icon\" style=\"background-image: url(https:\/\/autorent.nordauto.ee\/wp-content\/uploads\/2016\/08\/varuosade-muuk.png);\"><\/span>\r\n\t\t<span class=\"service-grid-item-title\">\r\n\t\t\tSpare parts and additional equipment\t\t<\/span>\r\n\t<\/a>\r\n\t<\/div>\r\n\r\n<div class=\"col-xs-6 col-md-4 col-lg-17 \">\r\n\t<a class=\"service-grid-item  active\" href=\"https:\/\/autorent.nordauto.ee\/en\/tires-and-rims\/\">\r\n\t\t<span class=\"service-grid-item-icon\" style=\"background-image: url(https:\/\/autorent.nordauto.ee\/wp-content\/uploads\/2016\/08\/rehvid-ja-veljed.png);\"><\/span>\r\n\t\t<span class=\"service-grid-item-title\">\r\n\t\t\tTires and rims\t\t<\/span>\r\n\t<\/a>\r\n\t\t\t<button type=\"button\" class=\"navbar-toggle collapsed\" data-toggle=\"collapse\" data-target=\".service-grid .collapse\" aria-expanded=\"false\">\r\n            <span class=\"sr-only\">Toggle navigation<\/span>\r\n            <i class=\"fa fa-fw fa-chevron-down\"><\/i>\r\n        <\/button>\r\n\t<\/div>\r\n\r\n<div class=\"col-xs-6 col-md-4 col-lg-17 collapse\">\r\n\t<a class=\"service-grid-item \" href=\"https:\/\/autorent.nordauto.ee\/en\/car-wash-and-dry-cleaning\/\">\r\n\t\t<span class=\"service-grid-item-icon\" style=\"background-image: url(https:\/\/autorent.nordauto.ee\/wp-content\/uploads\/2016\/08\/pesula.png);\"><\/span>\r\n\t\t<span class=\"service-grid-item-title\">\r\n\t\t\tCar wash\t\t<\/span>\r\n\t<\/a>\r\n\t<\/div>\r\n\r\n<div class=\"col-xs-6 col-md-4 col-lg-17 service-grid-item-2lines collapse\">\r\n\t<a class=\"service-grid-item \" href=\"https:\/\/autorent.nordauto.ee\/en\/pre-sale-inspection-and-preparation\/\">\r\n\t\t<span class=\"service-grid-item-icon\" style=\"background-image: url(https:\/\/autorent.nordauto.ee\/wp-content\/uploads\/2016\/08\/oostueelne-kontroll.png);\"><\/span>\r\n\t\t<span class=\"service-grid-item-title\">\r\n\t\t\tPre-sale inspection and preparation\t\t<\/span>\r\n\t<\/a>\r\n\t<\/div>\r\n\r\n<div class=\"col-xs-6 col-md-4 col-lg-17 collapse\">\r\n\t<a class=\"service-grid-item \" href=\"https:\/\/autorent.nordauto.ee\/en\/24h-autoabi\/\">\r\n\t\t<span class=\"service-grid-item-icon\" style=\"background-image: url(https:\/\/autorent.nordauto.ee\/wp-content\/uploads\/2017\/05\/24-autoabi.png);\"><\/span>\r\n\t\t<span class=\"service-grid-item-title\">\r\n\t\t\t24H Autoabi\t\t<\/span>\r\n\t<\/a>\r\n\t<\/div>\r\n\r\n<div class=\"col-xs-6 col-md-4 col-lg-17 collapse\">\r\n\t<a class=\"service-grid-item \" href=\"https:\/\/autorent.nordauto.ee\/en\/loyalty-card\/\">\r\n\t\t<span class=\"service-grid-item-icon\" style=\"background-image: url(https:\/\/autorent.nordauto.ee\/wp-content\/uploads\/2020\/04\/kliendikaart.png);\"><\/span>\r\n\t\t<span class=\"service-grid-item-title\">\r\n\t\t\tLoyalty card\t\t<\/span>\r\n\t<\/a>\r\n\t<\/div>\r\n\t<\/div>\r\n<\/div>[\/vc_column][\/vc_row][vc_row el_class=&#8221;row-stretch-lg row-shadow&#8221; css=&#8221;.vc_custom_1476362880928{margin-right: 0px !important;margin-left: 0px !important;padding-top: 0px !important;padding-right: 0px !important;padding-bottom: 40px !important;padding-left: 0px !important;background-color: #ffffff !important;}&#8221;][vc_column css=&#8221;.vc_custom_1473333731738{padding-top: 0px !important;}&#8221;]<div class=\"top-line hidden-xs\" style=\"background-color: #303241; color: #ffffff;\">\r\n\tTires and rims<\/div>\r\n[vc_single_image image=&#8221;2967&#8243; img_size=&#8221;full&#8221; alignment=&#8221;center&#8221; el_class=&#8221;img-responsive&#8221;][vc_column_text css=&#8221;.vc_custom_1486134782199{padding-top: 20px !important;}&#8221;]Twice a year, car owners stand in queues to get winter tires changed to summer tires, and\u00a0<em>vice versa<\/em>. In this regard, storage of tires is a crucial issue.<\/p>\n<p>After replacing tires, car owners inevitably face the problem of transporting them and finding a place where to store them. It is unnecessary inconvenience and waste of time.<\/p>\n<p>Drivers are well aware that tires require special storage conditions. The consequences of improper storage can lead to micro-cracks, loss of durability, and even deformation of tires.<\/p>\n<p>We have an offer for you \u2013 after changing tires, you can store them in our workshop.<\/p>\n<p>Nordauto is specially adapted to store tires. Your tires are not affected by humidity, rainfall or drop of temperature, because they are stored in a well-ventilated area with the appropriate level of humidity.<\/p>\n<p>You can buy summer and winter tyres at Nordauto. We will select the most suitable solution for you. Besides, you can also buy car tyres by instalments.<\/p>\n<p>Read more detailed information about payment by instalments <a href=\"https:\/\/www.lhv.ee\/corp\/cof\/?deor=EE-11985111\">here<\/a>.<\/p>\n<hr \/>\n<p>[\/vc_column_text][vc_row_inner css=&#8221;.vc_custom_1484915287796{padding-top: 15px !important;}&#8221;][vc_column_inner width=&#8221;1\/2&#8243; css=&#8221;.vc_custom_1484915292495{padding-right: 0px !important;padding-bottom: 15px !important;padding-left: 0px !important;}&#8221;][vc_column_text]<\/p>\n<h4><span style=\"color: #1b4b81;\">Indivy \u2013 maksa 3 osas, lisatasudeta!<\/span><\/h4>\n<p>Osamaksetega tasumine on mugav viis toodete v\u00f5i teenuste eest maksmiseks. Jagame Sinu ostusumma kolmeks v\u00f5rdseks osamakseks. Esimene makse alles kuu aja p\u00e4rast.<\/p>\n<p>Osamaksetega ostmine on v\u00e4ga lihtne ja kiire:<\/p>\n<ul>\n<li>Osamaksete periood 3 kuud<\/li>\n<li>Summa kuni 1500 \u20ac<\/li>\n<li>Sissemakse 0 \u20ac<\/li>\n<li>Intress 0%<\/li>\n<li>Lepingutasu 0 \u20ac<\/li>\n<li>Haldustasu 0 \u20ac<\/li>\n<li>Krediidikulukuse m\u00e4\u00e4r 0%<\/li>\n<\/ul>\n<p>Osamaksetena tasumise taotlusele saad vastuse kohe.[\/vc_column_text][\/vc_column_inner][vc_column_inner width=&#8221;1\/2&#8243; css=&#8221;.vc_custom_1484915312108{padding-right: 0px !important;padding-bottom: 15px !important;padding-left: 0px !important;}&#8221;][vc_column_text]<iframe loading=\"lazy\" src=\"https:\/\/calculator.inbank.ee\/calculator\/indivy\/plan?amount=300&amp;shop_uuid=6e510e96-2aa4-4ffb-8a3c-fec6644b2fd0&amp;product_code=hp_epos_0_interest_nordauto&amp;currency=eur&amp;lang=et&amp;template=editable_amount&amp;mode=grey&amp;logo=true&amp;show_sample=false&amp;start_session=true&amp;secondary_color=red\" width=\"100%\" height=\"550\" frameborder=\"0\" scrolling=\"no\" data-mce-fragment=\"1\"><\/iframe>[\/vc_column_text][\/vc_column_inner][\/vc_row_inner][vc_column_text]<\/p>\n<hr \/>\n<h4><span style=\"color: #1b4b81;\">IF YOU HAVE ADDITIONAL QUESTIONS, PLEASE FEEL FREE TO CONTACT US:<\/span><\/h4>\n<p>Tel: 600 3659<br \/>\nE-mail: <u><a href=\"m&#97;&#105;&#108;&#x74;&#x6f;&#x3a;te&#101;&#110;&#x69;&#x6e;&#x64;&#x75;s&#64;&#97;&#117;&#x74;&#x6f;&#x72;&#x65;n&#116;&#46;&#110;&#x6f;&#x72;&#x64;au&#116;&#111;&#46;&#x65;&#x65;\">&#x74;&#x65;&#x65;&#x6e;&#x69;&#x6e;&#x64;&#x75;&#x73;&#x40;&#x61;&#x75;&#x74;&#x6f;&#114;&#101;&#110;&#116;&#46;&#110;&#111;&#114;&#100;&#97;&#117;to&#46;ee<\/a><\/u><br \/>\nKadaka tee 72a, 12618, Tallinn.[\/vc_column_text][\/vc_column][\/vc_row]<\/p>\n<\/div>","protected":false},"excerpt":{"rendered":"<p>[vc_row][vc_column][\/vc_column][\/vc_row][vc_row el_class=&#8221;row-stretch-lg row-shadow&#8221; css=&#8221;.vc_custom_1476362880928{margin-right: 0px !important;margin-left: 0px !important;padding-top: 0px !important;padding-right: 0px !important;padding-bottom: 40px !important;padding-left: 0px !important;background-color: #ffffff !important;}&#8221;][vc_column css=&#8221;.vc_custom_1473333731738{padding-top: 0px !important;}&#8221;][vc_single_image image=&#8221;2967&#8243; img_size=&#8221;full&#8221; alignment=&#8221;center&#8221; el_class=&#8221;img-responsive&#8221;][vc_column_text css=&#8221;.vc_custom_1486134782199{padding-top: 20px !important;}&#8221;]Twice a year, car owners stand in queues to get winter tires changed to summer tires, and\u00a0vice versa. In this regard, storage of tires is a crucial issue. [&hellip;]<\/p>\n","protected":false},"author":12,"featured_media":0,"parent":0,"menu_order":0,"comment_status":"closed","ping_status":"closed","template":"","meta":{"_acf_changed":false,"footnotes":""},"class_list":["post-1672","page","type-page","status-publish","hentry"],"acf":[],"_links":{"self":[{"href":"https:\/\/autorent.nordauto.ee\/en\/wp-json\/wp\/v2\/pages\/1672","targetHints":{"allow":["GET"]}}],"collection":[{"href":"https:\/\/autorent.nordauto.ee\/en\/wp-json\/wp\/v2\/pages"}],"about":[{"href":"https:\/\/autorent.nordauto.ee\/en\/wp-json\/wp\/v2\/types\/page"}],"author":[{"embeddable":true,"href":"https:\/\/autorent.nordauto.ee\/en\/wp-json\/wp\/v2\/users\/12"}],"replies":[{"embeddable":true,"href":"https:\/\/autorent.nordauto.ee\/en\/wp-json\/wp\/v2\/comments?post=1672"}],"version-history":[{"count":21,"href":"https:\/\/autorent.nordauto.ee\/en\/wp-json\/wp\/v2\/pages\/1672\/revisions"}],"predecessor-version":[{"id":5476,"href":"https:\/\/autorent.nordauto.ee\/en\/wp-json\/wp\/v2\/pages\/1672\/revisions\/5476"}],"wp:attachment":[{"href":"https:\/\/autorent.nordauto.ee\/en\/wp-json\/wp\/v2\/media?parent=1672"}],"curies":[{"name":"wp","href":"https:\/\/api.w.org\/{rel}","templated":true}]}}