{"id":1668,"date":"2016-11-11T17:20:59","date_gmt":"2016-11-11T15:20:59","guid":{"rendered":"https:\/\/autorent.nordauto.ee\/en\/auto-varuosade-muuk\/"},"modified":"2023-03-28T17:46:03","modified_gmt":"2023-03-28T14:46:03","slug":"spare-parts-and-additional-equipment","status":"publish","type":"page","link":"https:\/\/autorent.nordauto.ee\/en\/spare-parts-and-additional-equipment\/","title":{"rendered":"Spare parts and additional equipment"},"content":{"rendered":"<div class=\"wpb-content-wrapper\"><p>[vc_row][vc_column]<div class=\"service-grid service-grid-style-1\">\r\n\t<div class=\"row\">\r\n\t\t\r\n<div class=\"col-xs-6 col-md-4 col-lg-17 collapse\">\r\n\t<a class=\"service-grid-item \" href=\"https:\/\/autorent.nordauto.ee\/en\/maintenance-and-repairs\/\">\r\n\t\t<span class=\"service-grid-item-icon\" style=\"background-image: url(https:\/\/autorent.nordauto.ee\/wp-content\/uploads\/2016\/08\/hooldus-ja-remonttood.png);\"><\/span>\r\n\t\t<span class=\"service-grid-item-title\">\r\n\t\t\tMaintenance and repairs\t\t<\/span>\r\n\t<\/a>\r\n\t<\/div>\r\n\r\n<div class=\"col-xs-6 col-md-4 col-lg-17 service-grid-item-2lines \">\r\n\t<a class=\"service-grid-item  active\" href=\"https:\/\/autorent.nordauto.ee\/en\/spare-parts-and-additional-equipment\/\">\r\n\t\t<span class=\"service-grid-item-icon\" style=\"background-image: url(https:\/\/autorent.nordauto.ee\/wp-content\/uploads\/2016\/08\/varuosade-muuk.png);\"><\/span>\r\n\t\t<span class=\"service-grid-item-title\">\r\n\t\t\tSpare parts and additional equipment\t\t<\/span>\r\n\t<\/a>\r\n\t\t\t<button type=\"button\" class=\"navbar-toggle collapsed\" data-toggle=\"collapse\" data-target=\".service-grid .collapse\" aria-expanded=\"false\">\r\n            <span class=\"sr-only\">Toggle navigation<\/span>\r\n            <i class=\"fa fa-fw fa-chevron-down\"><\/i>\r\n        <\/button>\r\n\t<\/div>\r\n\r\n<div class=\"col-xs-6 col-md-4 col-lg-17 collapse\">\r\n\t<a class=\"service-grid-item \" href=\"https:\/\/autorent.nordauto.ee\/en\/tires-and-rims\/\">\r\n\t\t<span class=\"service-grid-item-icon\" style=\"background-image: url(https:\/\/autorent.nordauto.ee\/wp-content\/uploads\/2016\/08\/rehvid-ja-veljed.png);\"><\/span>\r\n\t\t<span class=\"service-grid-item-title\">\r\n\t\t\tTires and rims\t\t<\/span>\r\n\t<\/a>\r\n\t<\/div>\r\n\r\n<div class=\"col-xs-6 col-md-4 col-lg-17 collapse\">\r\n\t<a class=\"service-grid-item \" href=\"https:\/\/autorent.nordauto.ee\/en\/car-wash-and-dry-cleaning\/\">\r\n\t\t<span class=\"service-grid-item-icon\" style=\"background-image: url(https:\/\/autorent.nordauto.ee\/wp-content\/uploads\/2016\/08\/pesula.png);\"><\/span>\r\n\t\t<span class=\"service-grid-item-title\">\r\n\t\t\tCar wash\t\t<\/span>\r\n\t<\/a>\r\n\t<\/div>\r\n\r\n<div class=\"col-xs-6 col-md-4 col-lg-17 service-grid-item-2lines collapse\">\r\n\t<a class=\"service-grid-item \" href=\"https:\/\/autorent.nordauto.ee\/en\/pre-sale-inspection-and-preparation\/\">\r\n\t\t<span class=\"service-grid-item-icon\" style=\"background-image: url(https:\/\/autorent.nordauto.ee\/wp-content\/uploads\/2016\/08\/oostueelne-kontroll.png);\"><\/span>\r\n\t\t<span class=\"service-grid-item-title\">\r\n\t\t\tPre-sale inspection and preparation\t\t<\/span>\r\n\t<\/a>\r\n\t<\/div>\r\n\r\n<div class=\"col-xs-6 col-md-4 col-lg-17 collapse\">\r\n\t<a class=\"service-grid-item \" href=\"https:\/\/autorent.nordauto.ee\/en\/24h-autoabi\/\">\r\n\t\t<span class=\"service-grid-item-icon\" style=\"background-image: url(https:\/\/autorent.nordauto.ee\/wp-content\/uploads\/2017\/05\/24-autoabi.png);\"><\/span>\r\n\t\t<span class=\"service-grid-item-title\">\r\n\t\t\t24H Autoabi\t\t<\/span>\r\n\t<\/a>\r\n\t<\/div>\r\n\r\n<div class=\"col-xs-6 col-md-4 col-lg-17 collapse\">\r\n\t<a class=\"service-grid-item \" href=\"https:\/\/autorent.nordauto.ee\/en\/loyalty-card\/\">\r\n\t\t<span class=\"service-grid-item-icon\" style=\"background-image: url(https:\/\/autorent.nordauto.ee\/wp-content\/uploads\/2020\/04\/kliendikaart.png);\"><\/span>\r\n\t\t<span class=\"service-grid-item-title\">\r\n\t\t\tLoyalty card\t\t<\/span>\r\n\t<\/a>\r\n\t<\/div>\r\n\t<\/div>\r\n<\/div>[\/vc_column][\/vc_row][vc_row el_class=&#8221;row-stretch-lg row-shadow&#8221; css=&#8221;.vc_custom_1476362880928{margin-right: 0px !important;margin-left: 0px !important;padding-top: 0px !important;padding-right: 0px !important;padding-bottom: 40px !important;padding-left: 0px !important;background-color: #ffffff !important;}&#8221;][vc_column css=&#8221;.vc_custom_1473333731738{padding-top: 0px !important;}&#8221;]<div class=\"top-line hidden-xs\" style=\"background-color: #303241; color: #ffffff;\">\r\n\tSpare parts and additional equipment<\/div>\r\n[vc_single_image image=&#8221;2968&#8243; img_size=&#8221;full&#8221; alignment=&#8221;center&#8221; el_class=&#8221;img-responsive&#8221;][vc_column_text css=&#8221;.vc_custom_1486134035219{padding-top: 20px !important;}&#8221;]If you turn to our vehicle inspection station, and during the inspection it will be revealed that some spare part needs to be replaced, we will order and fit\/install it in your vehicle. Even if you are not repairing your vehicle at Nordauto, you can still order spare parts from us.<\/p>\n<p>We fit:<\/p>\n<ul>\n<li>tow bars,<\/li>\n<li>doorsills,<\/li>\n<li>roof racks,<\/li>\n<li>alarm devices.<\/li>\n<\/ul>\n<p>At our office, you can order and buy original spare parts for any makes of vehicles in B category. Our excellent foremen will provide you with advice as to which of the options to choose. Besides, at our office you can buy relevant multi-purpose equipment for different vehicle makes (roof racks, doorsills, tow bars, disks, etc.)<\/p>\n<p>If you want to buy expensive spare parts and additional equipment, you should consider the option of paying for them by instalments. In cooperation with LHV, we provide the opportunity of making payment by instalments, which can break down a heavy bill into a number of smaller ones.<\/p>\n<hr \/>\n<p>[\/vc_column_text][vc_row_inner css=&#8221;.vc_custom_1484915287796{padding-top: 15px !important;}&#8221;][vc_column_inner width=&#8221;1\/2&#8243; css=&#8221;.vc_custom_1484915292495{padding-right: 0px !important;padding-bottom: 15px !important;padding-left: 0px !important;}&#8221;][vc_column_text]<\/p>\n<h4><span style=\"color: #1b4b81;\">Indivy \u2013 maksa 3 osas, lisatasudeta!<\/span><\/h4>\n<p>Osamaksetega tasumine on mugav viis toodete v\u00f5i teenuste eest maksmiseks. Jagame Sinu ostusumma kolmeks v\u00f5rdseks osamakseks. Esimene makse alles kuu aja p\u00e4rast.<\/p>\n<p>Osamaksetega ostmine on v\u00e4ga lihtne ja kiire:<\/p>\n<ul>\n<li>Osamaksete periood 3 kuud<\/li>\n<li>Summa kuni 1500 \u20ac<\/li>\n<li>Sissemakse 0 \u20ac<\/li>\n<li>Intress 0%<\/li>\n<li>Lepingutasu 0 \u20ac<\/li>\n<li>Haldustasu 0 \u20ac<\/li>\n<li>Krediidikulukuse m\u00e4\u00e4r 0%<\/li>\n<\/ul>\n<p>Osamaksetena tasumise taotlusele saad vastuse kohe.[\/vc_column_text][\/vc_column_inner][vc_column_inner width=&#8221;1\/2&#8243; css=&#8221;.vc_custom_1484915312108{padding-right: 0px !important;padding-bottom: 15px !important;padding-left: 0px !important;}&#8221;][vc_column_text]<iframe loading=\"lazy\" src=\"https:\/\/calculator.inbank.ee\/calculator\/indivy\/plan?amount=300&amp;shop_uuid=6e510e96-2aa4-4ffb-8a3c-fec6644b2fd0&amp;product_code=hp_epos_0_interest_nordauto&amp;currency=eur&amp;lang=et&amp;template=editable_amount&amp;mode=grey&amp;logo=true&amp;show_sample=false&amp;start_session=true&amp;secondary_color=red\" width=\"100%\" height=\"550\" frameborder=\"0\" scrolling=\"no\"><\/iframe>[\/vc_column_text][\/vc_column_inner][\/vc_row_inner][vc_column_text]<\/p>\n<hr \/>\n<h4><span style=\"color: #1b4b81;\">If you have additional questions, please feel free to contact us:<\/span><\/h4>\n<p>Tel: 6003659<br \/>\nE-mail: <a href=\"&#x6d;&#x61;&#x69;&#x6c;&#x74;&#x6f;&#x3a;&#x74;&#101;&#101;&#110;&#105;&#110;&#100;&#117;s&#64;au&#x74;&#x6f;&#x72;&#x65;&#x6e;&#x74;&#x2e;&#x6e;&#x6f;&#114;&#100;&#97;&#117;&#116;&#111;&#46;ee\"><u>&#116;&#x65;&#101;&#x6e;&#105;&#x6e;&#100;&#x75;&#115;&#x40;&#97;&#x75;&#116;&#x6f;&#114;&#x65;&#110;&#x74;&#46;&#x6e;&#111;&#x72;&#100;&#x61;&#117;&#x74;&#111;&#x2e;&#101;&#x65;<\/u><\/a><br \/>\nKadaka tee 72a, 12618, Tallinn.[\/vc_column_text][\/vc_column][\/vc_row]<\/p>\n<\/div>","protected":false},"excerpt":{"rendered":"<p>[vc_row][vc_column][\/vc_column][\/vc_row][vc_row el_class=&#8221;row-stretch-lg row-shadow&#8221; css=&#8221;.vc_custom_1476362880928{margin-right: 0px !important;margin-left: 0px !important;padding-top: 0px !important;padding-right: 0px !important;padding-bottom: 40px !important;padding-left: 0px !important;background-color: #ffffff !important;}&#8221;][vc_column css=&#8221;.vc_custom_1473333731738{padding-top: 0px !important;}&#8221;][vc_single_image image=&#8221;2968&#8243; img_size=&#8221;full&#8221; alignment=&#8221;center&#8221; el_class=&#8221;img-responsive&#8221;][vc_column_text css=&#8221;.vc_custom_1486134035219{padding-top: 20px !important;}&#8221;]If you turn to our vehicle inspection station, and during the inspection it will be revealed that some spare part needs to be replaced, we will order and [&hellip;]<\/p>\n","protected":false},"author":12,"featured_media":0,"parent":0,"menu_order":0,"comment_status":"closed","ping_status":"closed","template":"","meta":{"_acf_changed":false,"footnotes":""},"class_list":["post-1668","page","type-page","status-publish","hentry"],"acf":[],"_links":{"self":[{"href":"https:\/\/autorent.nordauto.ee\/en\/wp-json\/wp\/v2\/pages\/1668","targetHints":{"allow":["GET"]}}],"collection":[{"href":"https:\/\/autorent.nordauto.ee\/en\/wp-json\/wp\/v2\/pages"}],"about":[{"href":"https:\/\/autorent.nordauto.ee\/en\/wp-json\/wp\/v2\/types\/page"}],"author":[{"embeddable":true,"href":"https:\/\/autorent.nordauto.ee\/en\/wp-json\/wp\/v2\/users\/12"}],"replies":[{"embeddable":true,"href":"https:\/\/autorent.nordauto.ee\/en\/wp-json\/wp\/v2\/comments?post=1668"}],"version-history":[{"count":21,"href":"https:\/\/autorent.nordauto.ee\/en\/wp-json\/wp\/v2\/pages\/1668\/revisions"}],"predecessor-version":[{"id":5468,"href":"https:\/\/autorent.nordauto.ee\/en\/wp-json\/wp\/v2\/pages\/1668\/revisions\/5468"}],"wp:attachment":[{"href":"https:\/\/autorent.nordauto.ee\/en\/wp-json\/wp\/v2\/media?parent=1668"}],"curies":[{"name":"wp","href":"https:\/\/api.w.org\/{rel}","templated":true}]}}